{"id":4255,"date":"2025-06-25T11:03:07","date_gmt":"2025-06-25T09:03:07","guid":{"rendered":"https:\/\/alais-legrill.fr\/?page_id=4255"},"modified":"2025-06-25T11:03:13","modified_gmt":"2025-06-25T09:03:13","slug":"etudiante-et-freelance-a-paris","status":"publish","type":"page","link":"https:\/\/alais-legrill.fr\/index.php\/etudiante-et-freelance-a-paris\/","title":{"rendered":"\u00c9tudiante et freelance \u00e0 Paris"},"content":{"rendered":"","protected":false},"excerpt":{"rendered":"","protected":false},"author":1,"featured_media":0,"parent":0,"menu_order":0,"comment_status":"closed","ping_status":"closed","template":"","meta":{"site-sidebar-layout":"no-sidebar","site-content-layout":"page-builder","ast-global-header-display":"","ast-banner-title-visibility":"","ast-main-header-display":"","ast-hfb-above-header-display":"","ast-hfb-below-header-display":"","ast-hfb-mobile-header-display":"","site-post-title":"disabled","ast-breadcrumbs-content":"","ast-featured-img":"disabled","footer-sml-layout":"","theme-transparent-header-meta":"","adv-header-id-meta":"","stick-header-meta":"","header-above-stick-meta":"","header-main-stick-meta":"","header-below-stick-meta":"","footnotes":""},"class_list":["post-4255","page","type-page","status-publish","hentry"],"yoast_head":"<!-- This site is optimized with the Yoast SEO plugin v20.0 - https:\/\/yoast.com\/wordpress\/plugins\/seo\/ -->\n<title>\u00c9tudiante et freelance \u00e0 Paris - Ala\u00efs<\/title>\n<meta name=\"robots\" content=\"index, follow, max-snippet:-1, max-image-preview:large, max-video-preview:-1\" \/>\n<link rel=\"canonical\" href=\"https:\/\/alais-legrill.fr\/index.php\/etudiante-et-freelance-a-paris\/\" \/>\n<meta property=\"og:locale\" content=\"fr_FR\" \/>\n<meta property=\"og:type\" content=\"article\" \/>\n<meta property=\"og:title\" content=\"\u00c9tudiante et freelance \u00e0 Paris - Ala\u00efs\" \/>\n<meta property=\"og:url\" content=\"https:\/\/alais-legrill.fr\/index.php\/etudiante-et-freelance-a-paris\/\" \/>\n<meta property=\"og:site_name\" content=\"Ala\u00efs\" \/>\n<meta property=\"article:modified_time\" content=\"2025-06-25T09:03:13+00:00\" \/>\n<meta name=\"twitter:card\" content=\"summary_large_image\" \/>\n<script type=\"application\/ld+json\" class=\"yoast-schema-graph\">{\"@context\":\"https:\/\/schema.org\",\"@graph\":[{\"@type\":\"WebPage\",\"@id\":\"https:\/\/alais-legrill.fr\/index.php\/etudiante-et-freelance-a-paris\/\",\"url\":\"https:\/\/alais-legrill.fr\/index.php\/etudiante-et-freelance-a-paris\/\",\"name\":\"\u00c9tudiante et freelance \u00e0 Paris - Ala\u00efs\",\"isPartOf\":{\"@id\":\"https:\/\/alais-legrill.fr\/#website\"},\"datePublished\":\"2025-06-25T09:03:07+00:00\",\"dateModified\":\"2025-06-25T09:03:13+00:00\",\"breadcrumb\":{\"@id\":\"https:\/\/alais-legrill.fr\/index.php\/etudiante-et-freelance-a-paris\/#breadcrumb\"},\"inLanguage\":\"fr-FR\",\"potentialAction\":[{\"@type\":\"ReadAction\",\"target\":[\"https:\/\/alais-legrill.fr\/index.php\/etudiante-et-freelance-a-paris\/\"]}]},{\"@type\":\"BreadcrumbList\",\"@id\":\"https:\/\/alais-legrill.fr\/index.php\/etudiante-et-freelance-a-paris\/#breadcrumb\",\"itemListElement\":[{\"@type\":\"ListItem\",\"position\":1,\"name\":\"Home\",\"item\":\"https:\/\/alais-legrill.fr\/\"},{\"@type\":\"ListItem\",\"position\":2,\"name\":\"\u00c9tudiante et freelance \u00e0 Paris\"}]},{\"@type\":\"WebSite\",\"@id\":\"https:\/\/alais-legrill.fr\/#website\",\"url\":\"https:\/\/alais-legrill.fr\/\",\"name\":\"Ala\u00efs\",\"description\":\"Ala\u00efs&#039;s portfolio \",\"potentialAction\":[{\"@type\":\"SearchAction\",\"target\":{\"@type\":\"EntryPoint\",\"urlTemplate\":\"https:\/\/alais-legrill.fr\/?s={search_term_string}\"},\"query-input\":\"required name=search_term_string\"}],\"inLanguage\":\"fr-FR\"}]}<\/script>\n<!-- \/ Yoast SEO plugin. -->","yoast_head_json":{"title":"\u00c9tudiante et freelance \u00e0 Paris - Ala\u00efs","robots":{"index":"index","follow":"follow","max-snippet":"max-snippet:-1","max-image-preview":"max-image-preview:large","max-video-preview":"max-video-preview:-1"},"canonical":"https:\/\/alais-legrill.fr\/index.php\/etudiante-et-freelance-a-paris\/","og_locale":"fr_FR","og_type":"article","og_title":"\u00c9tudiante et freelance \u00e0 Paris - Ala\u00efs","og_url":"https:\/\/alais-legrill.fr\/index.php\/etudiante-et-freelance-a-paris\/","og_site_name":"Ala\u00efs","article_modified_time":"2025-06-25T09:03:13+00:00","twitter_card":"summary_large_image","schema":{"@context":"https:\/\/schema.org","@graph":[{"@type":"WebPage","@id":"https:\/\/alais-legrill.fr\/index.php\/etudiante-et-freelance-a-paris\/","url":"https:\/\/alais-legrill.fr\/index.php\/etudiante-et-freelance-a-paris\/","name":"\u00c9tudiante et freelance \u00e0 Paris - Ala\u00efs","isPartOf":{"@id":"https:\/\/alais-legrill.fr\/#website"},"datePublished":"2025-06-25T09:03:07+00:00","dateModified":"2025-06-25T09:03:13+00:00","breadcrumb":{"@id":"https:\/\/alais-legrill.fr\/index.php\/etudiante-et-freelance-a-paris\/#breadcrumb"},"inLanguage":"fr-FR","potentialAction":[{"@type":"ReadAction","target":["https:\/\/alais-legrill.fr\/index.php\/etudiante-et-freelance-a-paris\/"]}]},{"@type":"BreadcrumbList","@id":"https:\/\/alais-legrill.fr\/index.php\/etudiante-et-freelance-a-paris\/#breadcrumb","itemListElement":[{"@type":"ListItem","position":1,"name":"Home","item":"https:\/\/alais-legrill.fr\/"},{"@type":"ListItem","position":2,"name":"\u00c9tudiante et freelance \u00e0 Paris"}]},{"@type":"WebSite","@id":"https:\/\/alais-legrill.fr\/#website","url":"https:\/\/alais-legrill.fr\/","name":"Ala\u00efs","description":"Ala\u00efs&#039;s portfolio ","potentialAction":[{"@type":"SearchAction","target":{"@type":"EntryPoint","urlTemplate":"https:\/\/alais-legrill.fr\/?s={search_term_string}"},"query-input":"required name=search_term_string"}],"inLanguage":"fr-FR"}]}},"_links":{"self":[{"href":"https:\/\/alais-legrill.fr\/index.php\/wp-json\/wp\/v2\/pages\/4255","targetHints":{"allow":["GET"]}}],"collection":[{"href":"https:\/\/alais-legrill.fr\/index.php\/wp-json\/wp\/v2\/pages"}],"about":[{"href":"https:\/\/alais-legrill.fr\/index.php\/wp-json\/wp\/v2\/types\/page"}],"author":[{"embeddable":true,"href":"https:\/\/alais-legrill.fr\/index.php\/wp-json\/wp\/v2\/users\/1"}],"replies":[{"embeddable":true,"href":"https:\/\/alais-legrill.fr\/index.php\/wp-json\/wp\/v2\/comments?post=4255"}],"version-history":[{"count":4,"href":"https:\/\/alais-legrill.fr\/index.php\/wp-json\/wp\/v2\/pages\/4255\/revisions"}],"predecessor-version":[{"id":4259,"href":"https:\/\/alais-legrill.fr\/index.php\/wp-json\/wp\/v2\/pages\/4255\/revisions\/4259"}],"wp:attachment":[{"href":"https:\/\/alais-legrill.fr\/index.php\/wp-json\/wp\/v2\/media?parent=4255"}],"curies":[{"name":"wp","href":"https:\/\/api.w.org\/{rel}","templated":true}]}}